{"id":66805,"date":"2016-09-16T11:18:52","date_gmt":"2016-09-16T08:18:52","guid":{"rendered":"http:\/\/kiddy-rides.ro\/?page_id=66805&#038;lang=it"},"modified":"2016-09-16T11:21:01","modified_gmt":"2016-09-16T08:21:01","slug":"su-di-noi","status":"publish","type":"page","link":"https:\/\/kiddy-rides.ro\/it\/su-di-noi\/","title":{"rendered":"Su di noi"},"content":{"rendered":"<p>[vc_row type=&#8221;container&#8221; padding_top=&#8221;&#8221; padding_bottom=&#8221;&#8221;][vc_column][vc_empty_space][vc_custom_heading text=&#8221;Kiddy Jungle<br \/>\nApparecchi da intrattenimento&#8221; font_container=&#8221;tag:h2|text_align:center&#8221; use_theme_fonts=&#8221;yes&#8221;][vc_text_separator title=&#8221;&#8221; i_icon_fontawesome=&#8221;fa fa-angle-down&#8221; add_icon=&#8221;true&#8221;][\/vc_column][\/vc_row][vc_row type=&#8221;container&#8221; padding_top=&#8221;&#8221; padding_bottom=&#8221;&#8221;][vc_column][vc_column_text]La societ\u00e0 \u00e8 stata fondata nel 2006 come operatore di kiddie rides e poi di arcade machines. Dopo alcuni anni la societ\u00e0 ha iniziato pieno ricondizionamento degli apparecchi, dando loro un nuovo look, e, talvolta, con un nuovo design, musica o giochi di luci apportiamo miglioramenti essenziali del prodotto originale. Inoltre la maggior parte dei modelli incorporano una parte elettronica completamente cambiata e migliorata dai nostri specialisti.[\/vc_column_text][vc_column_text]Grazie agli sforzi di tutta la squadra, la Kiddy Jungle \u00e8 riconosciuta oggi in Romania, come leader di apparecchi da intrattenimento per bambini. Attualmente operiamo pi\u00f9 di 300\u00a0kiddie rides e arcade macchines ubicate in varie zone del paese.[\/vc_column_text][vc_column_text]Per il prossimo futuro abbiamo in programma di produrre i nostri primi modelli di kiddie rides e promuovere l&#8217;immagine della nostra azienda al di fuori del paese.[\/vc_column_text][vc_column_text]Se siete alla ricerca di un modo per ottenere reddito a lungo termine, i nostri apparecchi sono una scelta eccellente. Progettati in modo da soddisfare tutti i gusti dei bambini, sono una buona opportunit\u00e0 di massimizzare lo spazio e creare un reddito sicuro.[\/vc_column_text][vc_column_text]<a href=\"\/contact-us\/\">Contattateci<\/a> e vi aiuteremmo a trasformare le vostre idee e progetti in realt\u00e0![\/vc_column_text][\/vc_column][\/vc_row]<\/p>\n","protected":false},"excerpt":{"rendered":"<p>[vc_row type=&#8221;container&#8221; padding_top=&#8221;&#8221; padding_bottom=&#8221;&#8221;][vc_column][vc_empty_space][vc_custom_heading text=&#8221;Kiddy Jungle Apparecchi da intrattenimento&#8221; font_container=&#8221;tag:h2|text_align:center&#8221; use_theme_fonts=&#8221;yes&#8221;][vc_text_separator title=&#8221;&#8221; i_icon_fontawesome=&#8221;fa fa-angle-down&#8221; add_icon=&#8221;true&#8221;][\/vc_column][\/vc_row][vc_row type=&#8221;container&#8221; padding_top=&#8221;&#8221; padding_bottom=&#8221;&#8221;][vc_column][vc_column_text]La societ\u00e0 \u00e8 stata fondata nel 2006 come operatore di kiddie rides e poi di arcade machines. Dopo alcuni anni la societ\u00e0 ha iniziato pieno ricondizionamento degli apparecchi, dando loro un nuovo look, e, talvolta, con un nuovo [&hellip;]<\/p>\n","protected":false},"author":1,"featured_media":0,"parent":0,"menu_order":0,"comment_status":"closed","ping_status":"closed","template":"page-full-width.php","meta":[],"_links":{"self":[{"href":"https:\/\/kiddy-rides.ro\/it\/wp-json\/wp\/v2\/pages\/66805"}],"collection":[{"href":"https:\/\/kiddy-rides.ro\/it\/wp-json\/wp\/v2\/pages"}],"about":[{"href":"https:\/\/kiddy-rides.ro\/it\/wp-json\/wp\/v2\/types\/page"}],"author":[{"embeddable":true,"href":"https:\/\/kiddy-rides.ro\/it\/wp-json\/wp\/v2\/users\/1"}],"replies":[{"embeddable":true,"href":"https:\/\/kiddy-rides.ro\/it\/wp-json\/wp\/v2\/comments?post=66805"}],"version-history":[{"count":2,"href":"https:\/\/kiddy-rides.ro\/it\/wp-json\/wp\/v2\/pages\/66805\/revisions"}],"predecessor-version":[{"id":66808,"href":"https:\/\/kiddy-rides.ro\/it\/wp-json\/wp\/v2\/pages\/66805\/revisions\/66808"}],"wp:attachment":[{"href":"https:\/\/kiddy-rides.ro\/it\/wp-json\/wp\/v2\/media?parent=66805"}],"curies":[{"name":"wp","href":"https:\/\/api.w.org\/{rel}","templated":true}]}}